{"id":23722,"date":"2022-12-13T19:28:36","date_gmt":"2022-12-13T17:28:36","guid":{"rendered":"https:\/\/corporate.livingciociaria.it\/?page_id=23722"},"modified":"2025-01-15T18:47:47","modified_gmt":"2025-01-15T17:47:47","slug":"analisi-territoriali-e-piani-strategici-di-sviluppo-del-turismo","status":"publish","type":"page","link":"https:\/\/corporate.livingciociaria.it\/en\/cosa-facciamo\/analisi-territoriali-e-piani-strategici-di-sviluppo-del-turismo\/","title":{"rendered":"Analisi territoriali e piani strategici di sviluppo del turismo\u200b"},"content":{"rendered":"\t\t<div data-elementor-type=\"wp-page\" data-elementor-id=\"23722\" class=\"elementor elementor-23722\" data-elementor-settings=\"{&quot;element_pack_global_tooltip_width&quot;:{&quot;unit&quot;:&quot;px&quot;,&quot;size&quot;:&quot;&quot;,&quot;sizes&quot;:[]},&quot;element_pack_global_tooltip_width_tablet&quot;:{&quot;unit&quot;:&quot;px&quot;,&quot;size&quot;:&quot;&quot;,&quot;sizes&quot;:[]},&quot;element_pack_global_tooltip_width_mobile&quot;:{&quot;unit&quot;:&quot;px&quot;,&quot;size&quot;:&quot;&quot;,&quot;sizes&quot;:[]},&quot;element_pack_global_tooltip_padding&quot;:{&quot;unit&quot;:&quot;px&quot;,&quot;top&quot;:&quot;&quot;,&quot;right&quot;:&quot;&quot;,&quot;bottom&quot;:&quot;&quot;,&quot;left&quot;:&quot;&quot;,&quot;isLinked&quot;:true},&quot;element_pack_global_tooltip_padding_tablet&quot;:{&quot;unit&quot;:&quot;px&quot;,&quot;top&quot;:&quot;&quot;,&quot;right&quot;:&quot;&quot;,&quot;bottom&quot;:&quot;&quot;,&quot;left&quot;:&quot;&quot;,&quot;isLinked&quot;:true},&quot;element_pack_global_tooltip_padding_mobile&quot;:{&quot;unit&quot;:&quot;px&quot;,&quot;top&quot;:&quot;&quot;,&quot;right&quot;:&quot;&quot;,&quot;bottom&quot;:&quot;&quot;,&quot;left&quot;:&quot;&quot;,&quot;isLinked&quot;:true},&quot;element_pack_global_tooltip_border_radius&quot;:{&quot;unit&quot;:&quot;px&quot;,&quot;top&quot;:&quot;&quot;,&quot;right&quot;:&quot;&quot;,&quot;bottom&quot;:&quot;&quot;,&quot;left&quot;:&quot;&quot;,&quot;isLinked&quot;:true},&quot;element_pack_global_tooltip_border_radius_tablet&quot;:{&quot;unit&quot;:&quot;px&quot;,&quot;top&quot;:&quot;&quot;,&quot;right&quot;:&quot;&quot;,&quot;bottom&quot;:&quot;&quot;,&quot;left&quot;:&quot;&quot;,&quot;isLinked&quot;:true},&quot;element_pack_global_tooltip_border_radius_mobile&quot;:{&quot;unit&quot;:&quot;px&quot;,&quot;top&quot;:&quot;&quot;,&quot;right&quot;:&quot;&quot;,&quot;bottom&quot;:&quot;&quot;,&quot;left&quot;:&quot;&quot;,&quot;isLinked&quot;:true}}\" data-elementor-post-type=\"page\">\n\t\t\t\t<div class=\"elementor-element elementor-element-b6e5b5c e-flex e-con-boxed e-con e-parent\" data-id=\"b6e5b5c\" data-element_type=\"container\" data-e-type=\"container\" data-settings=\"{&quot;background_background&quot;:&quot;classic&quot;}\">\n\t\t\t\t\t<div class=\"e-con-inner\">\n\t\t<div class=\"elementor-element elementor-element-2f289cd e-con-full e-flex e-con e-child\" data-id=\"2f289cd\" data-element_type=\"container\" data-e-type=\"container\">\n\t\t\t\t<div class=\"elementor-element elementor-element-4e87e1a elementor-widget-mobile__width-inherit elementor-widget-tablet__width-inherit elementor-widget elementor-widget-heading\" data-id=\"4e87e1a\" data-element_type=\"widget\" data-e-type=\"widget\" data-settings=\"{&quot;motion_fx_motion_fx_scrolling&quot;:&quot;yes&quot;,&quot;motion_fx_scale_effect&quot;:&quot;yes&quot;,&quot;motion_fx_scale_speed&quot;:{&quot;unit&quot;:&quot;px&quot;,&quot;size&quot;:1,&quot;sizes&quot;:[]},&quot;motion_fx_scale_range&quot;:{&quot;unit&quot;:&quot;%&quot;,&quot;size&quot;:&quot;&quot;,&quot;sizes&quot;:{&quot;start&quot;:71,&quot;end&quot;:100}},&quot;motion_fx_range&quot;:&quot;viewport&quot;,&quot;motion_fx_scale_direction&quot;:&quot;out-in&quot;,&quot;motion_fx_devices&quot;:[&quot;desktop&quot;,&quot;tablet&quot;,&quot;mobile&quot;]}\" data-widget_type=\"heading.default\">\n\t\t\t\t<div class=\"elementor-widget-container\">\n\t\t\t\t\t<h1 class=\"elementor-heading-title elementor-size-default\">Analisi territoriali e piani strategici di sviluppo del turismo\u200b<\/h1>\t\t\t\t<\/div>\n\t\t\t\t<\/div>\n\t\t\t\t<div class=\"elementor-element elementor-element-1d4ed0f elementor-align-left elementor-tablet-align-center elementor-widget elementor-widget-breadcrumbs\" data-id=\"1d4ed0f\" data-element_type=\"widget\" data-e-type=\"widget\" data-widget_type=\"breadcrumbs.default\">\n\t\t\t\t<div class=\"elementor-widget-container\">\n\t\t\t\t\t<p id=\"breadcrumbs\"><span><span><a href=\"https:\/\/corporate.livingciociaria.it\/\">Home<\/a><\/span><\/span><\/p>\t\t\t\t<\/div>\n\t\t\t\t<\/div>\n\t\t\t\t<\/div>\n\t\t\t\t\t<\/div>\n\t\t\t\t<\/div>\n\t\t<div class=\"elementor-element elementor-element-eb74219 e-flex e-con-boxed e-con e-parent\" data-id=\"eb74219\" data-element_type=\"container\" data-e-type=\"container\">\n\t\t\t\t\t<div class=\"e-con-inner\">\n\t\t\t\t<div class=\"elementor-element elementor-element-6e61740 elementor-widget elementor-widget-text-editor\" data-id=\"6e61740\" data-element_type=\"widget\" data-e-type=\"widget\" data-widget_type=\"text-editor.default\">\n\t\t\t\t<div class=\"elementor-widget-container\">\n\t\t\t\t\t\t\t\t\t<p>Grazie alle analisi territoriali e ai piani strategici di sviluppo, ti aiutiamo a sfruttare il tuo potenziale turistico, individuando strategie concrete e coerenti con l\u2019identit\u00e0 del tuo territorio.<\/p>\t\t\t\t\t\t\t\t<\/div>\n\t\t\t\t<\/div>\n\t\t\t\t<div class=\"elementor-element elementor-element-babec80 elementor-widget elementor-widget-heading\" data-id=\"babec80\" data-element_type=\"widget\" data-e-type=\"widget\" data-widget_type=\"heading.default\">\n\t\t\t\t<div class=\"elementor-widget-container\">\n\t\t\t\t\t<h3 class=\"elementor-heading-title elementor-size-default\">Metti in risalto l\u2019identit\u00e0 del tuo territorio<\/h3>\t\t\t\t<\/div>\n\t\t\t\t<\/div>\n\t\t\t\t<div class=\"elementor-element elementor-element-1bbcf14 elementor-widget elementor-widget-text-editor\" data-id=\"1bbcf14\" data-element_type=\"widget\" data-e-type=\"widget\" data-widget_type=\"text-editor.default\">\n\t\t\t\t<div class=\"elementor-widget-container\">\n\t\t\t\t\t\t\t\t\tLa propria identit\u00e0, unica e speciale, \u00e8 ci\u00f2 che di pi\u00f9 prezioso un territorio possa avere, il punto di partenza per ogni buon piano di sviluppo. L\u00ec si nascondono le qualit\u00e0 e gli elementi utili per creare un piano di sviluppo territoriale efficace, capace di attrarre l\u2019interesse del turista. \u00c8 una questione di coerenza: in un mercato sempre pi\u00f9 attento all\u2019autenticit\u00e0 dell\u2019esperienza, riuscire a produrre un\u2019offerta turistica in linea con l\u2019identit\u00e0 del proprio territorio \u00e8 la grande sfida di ogni comunit\u00e0.\n\n\t\t\t\t\t\t\t\t<\/div>\n\t\t\t\t<\/div>\n\t\t\t\t<div class=\"elementor-element elementor-element-bba4449 elementor-widget elementor-widget-heading\" data-id=\"bba4449\" data-element_type=\"widget\" data-e-type=\"widget\" data-widget_type=\"heading.default\">\n\t\t\t\t<div class=\"elementor-widget-container\">\n\t\t\t\t\t<h3 class=\"elementor-heading-title elementor-size-default\">Un metodo analitico per prendere le decisioni corrette\n<\/h3>\t\t\t\t<\/div>\n\t\t\t\t<\/div>\n\t\t\t\t<div class=\"elementor-element elementor-element-d998844 elementor-widget elementor-widget-text-editor\" data-id=\"d998844\" data-element_type=\"widget\" data-e-type=\"widget\" data-widget_type=\"text-editor.default\">\n\t\t\t\t<div class=\"elementor-widget-container\">\n\t\t\t\t\t\t\t\t\tPer aiutarti a costruire un piano di sviluppo coerente con l\u2019identit\u00e0 del tuo territorio, ogni progetto deve iniziare con una fase di analisi. Ci\u00f2 significa scattare una serie di fotografie circa gli elementi attrattivi gi\u00e0 presenti, analizzandone i flussi turistici, le caratteristiche socio-economiche e le potenzialit\u00e0 di sviluppo. Sulla base dei dati raccolti sar\u00e0 poi possibile disegnare un modello di sviluppo turistico coerente con l\u2019identit\u00e0 del territorio e utile ad intercettare i desideri del turista. Un progetto che sar\u00e0 valutato anche in termini di sostenibilit\u00e0 economica, cos\u00ec da poter assicurare una maggiore probabilit\u00e0 di successo.\t\t\t\t\t\t\t\t<\/div>\n\t\t\t\t<\/div>\n\t\t\t\t<div class=\"elementor-element elementor-element-4b5fa21 elementor-widget elementor-widget-heading\" data-id=\"4b5fa21\" data-element_type=\"widget\" data-e-type=\"widget\" data-widget_type=\"heading.default\">\n\t\t\t\t<div class=\"elementor-widget-container\">\n\t\t\t\t\t<h3 class=\"elementor-heading-title elementor-size-default\">Analisi territoriale e ambientale\n<\/h3>\t\t\t\t<\/div>\n\t\t\t\t<\/div>\n\t\t\t\t<div class=\"elementor-element elementor-element-f29cd4e elementor-widget elementor-widget-text-editor\" data-id=\"f29cd4e\" data-element_type=\"widget\" data-e-type=\"widget\" data-widget_type=\"text-editor.default\">\n\t\t\t\t<div class=\"elementor-widget-container\">\n\t\t\t\t\t\t\t\t\tL\u2019analisi territoriale e ambientale \u00e8 lo strumento che ci aiuta a comprendere le potenzialit\u00e0 naturali e culturali insite nel tuo territorio. Da una parte studia la sua morfologia e il suo sfruttamento da parte delle attivit\u00e0 attualmente presenti; dall\u2019altra prende in considerazione le tradizioni e la cultura delle comunit\u00e0 abitanti, comprendendo dove, come e quanto si possa fare per integrarle all\u2019interno di una proposta turistica.\n\n\t\t\t\t\t\t\t\t<\/div>\n\t\t\t\t<\/div>\n\t\t\t\t<div class=\"elementor-element elementor-element-2f8c134 elementor-widget elementor-widget-heading\" data-id=\"2f8c134\" data-element_type=\"widget\" data-e-type=\"widget\" data-widget_type=\"heading.default\">\n\t\t\t\t<div class=\"elementor-widget-container\">\n\t\t\t\t\t<h3 class=\"elementor-heading-title elementor-size-default\">Analisi dei flussi turistici\n<\/h3>\t\t\t\t<\/div>\n\t\t\t\t<\/div>\n\t\t\t\t<div class=\"elementor-element elementor-element-e405da0 elementor-widget elementor-widget-text-editor\" data-id=\"e405da0\" data-element_type=\"widget\" data-e-type=\"widget\" data-widget_type=\"text-editor.default\">\n\t\t\t\t<div class=\"elementor-widget-container\">\n\t\t\t\t\t\t\t\t\tIn un mercato del turismo in forte cambiamento, i flussi turistici che potrebbero interessare il tuo territorio sono molti e oggi, per ogni tipologia di turista, \u00e8 possibile sviluppare un mercato con delle offerte specifiche. Analizzare i flussi turistici significa capire quali sono le tipologie di ospiti che oggi frequentano il tuo territorio, da dove provengono, come si muovono e cosa cercano durante il soggiorno. Analizzare la domanda turistica significa poi comprendere quali sono gli elementi che possono influire sulla determinazione dei flussi stessi, intraprendendo le azioni correttive utili a rafforzare la tua destinazione.\n\n\t\t\t\t\t\t\t\t<\/div>\n\t\t\t\t<\/div>\n\t\t\t\t<div class=\"elementor-element elementor-element-98be2e6 elementor-widget elementor-widget-heading\" data-id=\"98be2e6\" data-element_type=\"widget\" data-e-type=\"widget\" data-widget_type=\"heading.default\">\n\t\t\t\t<div class=\"elementor-widget-container\">\n\t\t\t\t\t<h3 class=\"elementor-heading-title elementor-size-default\">Un progetto realizzabile\n<\/h3>\t\t\t\t<\/div>\n\t\t\t\t<\/div>\n\t\t\t\t<div class=\"elementor-element elementor-element-2731379 elementor-widget elementor-widget-text-editor\" data-id=\"2731379\" data-element_type=\"widget\" data-e-type=\"widget\" data-widget_type=\"text-editor.default\">\n\t\t\t\t<div class=\"elementor-widget-container\">\n\t\t\t\t\t\t\t\t\tCon Living Ciociaria ci occupiamo dei tuoi progetti di sviluppo territoriale.\nLo facciamo a partire dallo studio di fattibilit\u00e0, valutando il potenziale delle tue idee o aiutandoti a trovarne di nuove.\nInfine, disegniamo assieme la strategia migliore per realizzarle e, con un occhio sempre attento alla sostenibilit\u00e0 del progetto, ti aiutiamo a portare a termine i tuoi piani di sviluppo nei modi e nei tempi previsti.\t\t\t\t\t\t\t\t<\/div>\n\t\t\t\t<\/div>\n\t\t\t\t\t<\/div>\n\t\t\t\t<\/div>\n\t\t\t\t<\/div>\n\t\t","protected":false},"excerpt":{"rendered":"<p>Ci occupiamo di affiancare nei progetti di sviluppo e promozione territoriale gli enti pubblici e privati, costruendo con e per loro la migliore strat<\/p>","protected":false},"author":2,"featured_media":0,"parent":23402,"menu_order":0,"comment_status":"closed","ping_status":"closed","template":"","meta":{"give_campaign_id":0,"footnotes":""},"class_list":["post-23722","page","type-page","status-publish","hentry"],"yoast_head":"<!-- This site is optimized with the Yoast SEO Premium plugin v26.5 (Yoast SEO v27.0) - https:\/\/yoast.com\/product\/yoast-seo-premium-wordpress\/ -->\n<title>Analisi territoriali e piani strategici di sviluppo del turismo\u200b &#8211; Living Ciociaria Media Corner<\/title>\n<meta name=\"description\" content=\"Ci occupiamo di affiancare nei progetti di sviluppo e promozione territoriale gli enti pubblici e privati, costruendo con e per loro la migliore strat\" \/>\n<meta name=\"robots\" content=\"noindex, nofollow\" \/>\n<meta property=\"og:locale\" content=\"en_US\" \/>\n<meta property=\"og:type\" content=\"article\" \/>\n<meta property=\"og:title\" content=\"Analisi territoriali e piani strategici di sviluppo del turismo\u200b &#8211; Living Ciociaria Media Corner\" \/>\n<meta property=\"og:description\" content=\"Ci occupiamo di affiancare nei progetti di sviluppo e promozione territoriale gli enti pubblici e privati, costruendo con e per loro la migliore strat\" \/>\n<meta property=\"og:url\" content=\"https:\/\/corporate.livingciociaria.it\/en\/cosa-facciamo\/analisi-territoriali-e-piani-strategici-di-sviluppo-del-turismo\/\" \/>\n<meta property=\"og:site_name\" content=\"Living Ciociaria Media Corner\" \/>\n<meta property=\"article:publisher\" content=\"https:\/\/www.facebook.com\/livingciociaria\" \/>\n<meta property=\"article:modified_time\" content=\"2025-01-15T17:47:47+00:00\" \/>\n<meta property=\"og:image\" content=\"https:\/\/corporate.livingciociaria.it\/wp-content\/uploads\/2021\/05\/cropped-LivingCiociaria-Quad-scaled-1.jpg\" \/>\n\t<meta property=\"og:image:width\" content=\"512\" \/>\n\t<meta property=\"og:image:height\" content=\"512\" \/>\n\t<meta property=\"og:image:type\" content=\"image\/jpeg\" \/>\n<meta name=\"twitter:card\" content=\"summary_large_image\" \/>\n<meta name=\"twitter:site\" content=\"@LCiociaria\" \/>\n<meta name=\"twitter:label1\" content=\"Est. reading time\" \/>\n\t<meta name=\"twitter:data1\" content=\"3 minutes\" \/>\n<script type=\"application\/ld+json\" class=\"yoast-schema-graph\">{\"@context\":\"https:\/\/schema.org\",\"@graph\":[{\"@type\":\"WebPage\",\"@id\":\"https:\/\/corporate.livingciociaria.it\/cosa-facciamo\/analisi-territoriali-e-piani-strategici-di-sviluppo-del-turismo\/\",\"url\":\"https:\/\/corporate.livingciociaria.it\/cosa-facciamo\/analisi-territoriali-e-piani-strategici-di-sviluppo-del-turismo\/\",\"name\":\"Analisi territoriali e piani strategici di sviluppo del turismo\u200b &#8211; Living Ciociaria Media Corner\",\"isPartOf\":{\"@id\":\"https:\/\/corporate.livingciociaria.it\/#website\"},\"datePublished\":\"2022-12-13T17:28:36+00:00\",\"dateModified\":\"2025-01-15T17:47:47+00:00\",\"description\":\"Ci occupiamo di affiancare nei progetti di sviluppo e promozione territoriale gli enti pubblici e privati, costruendo con e per loro la migliore strat\",\"breadcrumb\":{\"@id\":\"https:\/\/corporate.livingciociaria.it\/cosa-facciamo\/analisi-territoriali-e-piani-strategici-di-sviluppo-del-turismo\/#breadcrumb\"},\"inLanguage\":\"en-US\",\"potentialAction\":[{\"@type\":\"ReadAction\",\"target\":[\"https:\/\/corporate.livingciociaria.it\/cosa-facciamo\/analisi-territoriali-e-piani-strategici-di-sviluppo-del-turismo\/\"]}]},{\"@type\":\"BreadcrumbList\",\"@id\":\"https:\/\/corporate.livingciociaria.it\/cosa-facciamo\/analisi-territoriali-e-piani-strategici-di-sviluppo-del-turismo\/#breadcrumb\",\"itemListElement\":[{\"@type\":\"ListItem\",\"position\":1,\"name\":\"Home\",\"item\":\"https:\/\/corporate.livingciociaria.it\/\"},{\"@type\":\"ListItem\",\"position\":2,\"name\":\"Cosa facciamo\",\"item\":\"https:\/\/corporate.livingciociaria.it\/cosa-facciamo\/\"},{\"@type\":\"ListItem\",\"position\":3,\"name\":\"Analisi territoriali e piani strategici di sviluppo del turismo\u200b\"}]},{\"@type\":\"WebSite\",\"@id\":\"https:\/\/corporate.livingciociaria.it\/#website\",\"url\":\"https:\/\/corporate.livingciociaria.it\/\",\"name\":\"Living Ciociaria\",\"description\":\"\",\"publisher\":{\"@id\":\"https:\/\/corporate.livingciociaria.it\/#organization\"},\"alternateName\":\"Living Ciociaria Media Corner\",\"potentialAction\":[{\"@type\":\"SearchAction\",\"target\":{\"@type\":\"EntryPoint\",\"urlTemplate\":\"https:\/\/corporate.livingciociaria.it\/?s={search_term_string}\"},\"query-input\":{\"@type\":\"PropertyValueSpecification\",\"valueRequired\":true,\"valueName\":\"search_term_string\"}}],\"inLanguage\":\"en-US\"},{\"@type\":\"Organization\",\"@id\":\"https:\/\/corporate.livingciociaria.it\/#organization\",\"name\":\"Living Ciociaria\",\"alternateName\":\"Living Ciociaria Media Corner\",\"url\":\"https:\/\/corporate.livingciociaria.it\/\",\"logo\":{\"@type\":\"ImageObject\",\"inLanguage\":\"en-US\",\"@id\":\"https:\/\/corporate.livingciociaria.it\/#\/schema\/logo\/image\/\",\"url\":\"https:\/\/corporate.livingciociaria.it\/wp-content\/uploads\/2021\/03\/Living-Ciociaria-Logo.png\",\"contentUrl\":\"https:\/\/corporate.livingciociaria.it\/wp-content\/uploads\/2021\/03\/Living-Ciociaria-Logo.png\",\"width\":1203,\"height\":402,\"caption\":\"Living Ciociaria\"},\"image\":{\"@id\":\"https:\/\/corporate.livingciociaria.it\/#\/schema\/logo\/image\/\"},\"sameAs\":[\"https:\/\/www.facebook.com\/livingciociaria\",\"https:\/\/x.com\/LCiociaria\",\"https:\/\/www.instagram.com\/livingciociaria\/\",\"https:\/\/www.linkedin.com\/company\/71685850\/admin\/\"]}]}<\/script>\n<!-- \/ Yoast SEO Premium plugin. -->","yoast_head_json":{"title":"Analisi territoriali e piani strategici di sviluppo del turismo\u200b &#8211; Living Ciociaria Media Corner","description":"Ci occupiamo di affiancare nei progetti di sviluppo e promozione territoriale gli enti pubblici e privati, costruendo con e per loro la migliore strat","robots":{"index":"noindex","follow":"nofollow"},"og_locale":"en_US","og_type":"article","og_title":"Analisi territoriali e piani strategici di sviluppo del turismo\u200b &#8211; Living Ciociaria Media Corner","og_description":"Ci occupiamo di affiancare nei progetti di sviluppo e promozione territoriale gli enti pubblici e privati, costruendo con e per loro la migliore strat","og_url":"https:\/\/corporate.livingciociaria.it\/en\/cosa-facciamo\/analisi-territoriali-e-piani-strategici-di-sviluppo-del-turismo\/","og_site_name":"Living Ciociaria Media Corner","article_publisher":"https:\/\/www.facebook.com\/livingciociaria","article_modified_time":"2025-01-15T17:47:47+00:00","og_image":[{"width":512,"height":512,"url":"https:\/\/corporate.livingciociaria.it\/wp-content\/uploads\/2021\/05\/cropped-LivingCiociaria-Quad-scaled-1.jpg","type":"image\/jpeg"}],"twitter_card":"summary_large_image","twitter_site":"@LCiociaria","twitter_misc":{"Est. reading time":"3 minutes"},"schema":{"@context":"https:\/\/schema.org","@graph":[{"@type":"WebPage","@id":"https:\/\/corporate.livingciociaria.it\/cosa-facciamo\/analisi-territoriali-e-piani-strategici-di-sviluppo-del-turismo\/","url":"https:\/\/corporate.livingciociaria.it\/cosa-facciamo\/analisi-territoriali-e-piani-strategici-di-sviluppo-del-turismo\/","name":"Analisi territoriali e piani strategici di sviluppo del turismo\u200b &#8211; Living Ciociaria Media Corner","isPartOf":{"@id":"https:\/\/corporate.livingciociaria.it\/#website"},"datePublished":"2022-12-13T17:28:36+00:00","dateModified":"2025-01-15T17:47:47+00:00","description":"Ci occupiamo di affiancare nei progetti di sviluppo e promozione territoriale gli enti pubblici e privati, costruendo con e per loro la migliore strat","breadcrumb":{"@id":"https:\/\/corporate.livingciociaria.it\/cosa-facciamo\/analisi-territoriali-e-piani-strategici-di-sviluppo-del-turismo\/#breadcrumb"},"inLanguage":"en-US","potentialAction":[{"@type":"ReadAction","target":["https:\/\/corporate.livingciociaria.it\/cosa-facciamo\/analisi-territoriali-e-piani-strategici-di-sviluppo-del-turismo\/"]}]},{"@type":"BreadcrumbList","@id":"https:\/\/corporate.livingciociaria.it\/cosa-facciamo\/analisi-territoriali-e-piani-strategici-di-sviluppo-del-turismo\/#breadcrumb","itemListElement":[{"@type":"ListItem","position":1,"name":"Home","item":"https:\/\/corporate.livingciociaria.it\/"},{"@type":"ListItem","position":2,"name":"Cosa facciamo","item":"https:\/\/corporate.livingciociaria.it\/cosa-facciamo\/"},{"@type":"ListItem","position":3,"name":"Analisi territoriali e piani strategici di sviluppo del turismo\u200b"}]},{"@type":"WebSite","@id":"https:\/\/corporate.livingciociaria.it\/#website","url":"https:\/\/corporate.livingciociaria.it\/","name":"Living Ciociaria","description":"","publisher":{"@id":"https:\/\/corporate.livingciociaria.it\/#organization"},"alternateName":"Living Ciociaria Media Corner","potentialAction":[{"@type":"SearchAction","target":{"@type":"EntryPoint","urlTemplate":"https:\/\/corporate.livingciociaria.it\/?s={search_term_string}"},"query-input":{"@type":"PropertyValueSpecification","valueRequired":true,"valueName":"search_term_string"}}],"inLanguage":"en-US"},{"@type":"Organization","@id":"https:\/\/corporate.livingciociaria.it\/#organization","name":"Living Ciociaria","alternateName":"Living Ciociaria Media Corner","url":"https:\/\/corporate.livingciociaria.it\/","logo":{"@type":"ImageObject","inLanguage":"en-US","@id":"https:\/\/corporate.livingciociaria.it\/#\/schema\/logo\/image\/","url":"https:\/\/corporate.livingciociaria.it\/wp-content\/uploads\/2021\/03\/Living-Ciociaria-Logo.png","contentUrl":"https:\/\/corporate.livingciociaria.it\/wp-content\/uploads\/2021\/03\/Living-Ciociaria-Logo.png","width":1203,"height":402,"caption":"Living Ciociaria"},"image":{"@id":"https:\/\/corporate.livingciociaria.it\/#\/schema\/logo\/image\/"},"sameAs":["https:\/\/www.facebook.com\/livingciociaria","https:\/\/x.com\/LCiociaria","https:\/\/www.instagram.com\/livingciociaria\/","https:\/\/www.linkedin.com\/company\/71685850\/admin\/"]}]}},"campaignId":"","_links":{"self":[{"href":"https:\/\/corporate.livingciociaria.it\/en\/wp-json\/wp\/v2\/pages\/23722","targetHints":{"allow":["GET"]}}],"collection":[{"href":"https:\/\/corporate.livingciociaria.it\/en\/wp-json\/wp\/v2\/pages"}],"about":[{"href":"https:\/\/corporate.livingciociaria.it\/en\/wp-json\/wp\/v2\/types\/page"}],"author":[{"embeddable":true,"href":"https:\/\/corporate.livingciociaria.it\/en\/wp-json\/wp\/v2\/users\/2"}],"replies":[{"embeddable":true,"href":"https:\/\/corporate.livingciociaria.it\/en\/wp-json\/wp\/v2\/comments?post=23722"}],"version-history":[{"count":17,"href":"https:\/\/corporate.livingciociaria.it\/en\/wp-json\/wp\/v2\/pages\/23722\/revisions"}],"predecessor-version":[{"id":26131,"href":"https:\/\/corporate.livingciociaria.it\/en\/wp-json\/wp\/v2\/pages\/23722\/revisions\/26131"}],"up":[{"embeddable":true,"href":"https:\/\/corporate.livingciociaria.it\/en\/wp-json\/wp\/v2\/pages\/23402"}],"wp:attachment":[{"href":"https:\/\/corporate.livingciociaria.it\/en\/wp-json\/wp\/v2\/media?parent=23722"}],"curies":[{"name":"wp","href":"https:\/\/api.w.org\/{rel}","templated":true}]}}