{"id":23746,"date":"2022-12-13T20:04:12","date_gmt":"2022-12-13T18:04:12","guid":{"rendered":"https:\/\/corporate.livingciociaria.it\/?page_id=23746"},"modified":"2025-01-15T19:12:34","modified_gmt":"2025-01-15T18:12:34","slug":"sviluppo-di-un-prodotto-turistico","status":"publish","type":"page","link":"https:\/\/corporate.livingciociaria.it\/en\/cosa-facciamo\/sviluppo-di-un-prodotto-turistico\/","title":{"rendered":"Sviluppo di un prodotto turistico\u200b"},"content":{"rendered":"\t\t<div data-elementor-type=\"wp-page\" data-elementor-id=\"23746\" class=\"elementor elementor-23746\" data-elementor-settings=\"{&quot;element_pack_global_tooltip_width&quot;:{&quot;unit&quot;:&quot;px&quot;,&quot;size&quot;:&quot;&quot;,&quot;sizes&quot;:[]},&quot;element_pack_global_tooltip_width_tablet&quot;:{&quot;unit&quot;:&quot;px&quot;,&quot;size&quot;:&quot;&quot;,&quot;sizes&quot;:[]},&quot;element_pack_global_tooltip_width_mobile&quot;:{&quot;unit&quot;:&quot;px&quot;,&quot;size&quot;:&quot;&quot;,&quot;sizes&quot;:[]},&quot;element_pack_global_tooltip_padding&quot;:{&quot;unit&quot;:&quot;px&quot;,&quot;top&quot;:&quot;&quot;,&quot;right&quot;:&quot;&quot;,&quot;bottom&quot;:&quot;&quot;,&quot;left&quot;:&quot;&quot;,&quot;isLinked&quot;:true},&quot;element_pack_global_tooltip_padding_tablet&quot;:{&quot;unit&quot;:&quot;px&quot;,&quot;top&quot;:&quot;&quot;,&quot;right&quot;:&quot;&quot;,&quot;bottom&quot;:&quot;&quot;,&quot;left&quot;:&quot;&quot;,&quot;isLinked&quot;:true},&quot;element_pack_global_tooltip_padding_mobile&quot;:{&quot;unit&quot;:&quot;px&quot;,&quot;top&quot;:&quot;&quot;,&quot;right&quot;:&quot;&quot;,&quot;bottom&quot;:&quot;&quot;,&quot;left&quot;:&quot;&quot;,&quot;isLinked&quot;:true},&quot;element_pack_global_tooltip_border_radius&quot;:{&quot;unit&quot;:&quot;px&quot;,&quot;top&quot;:&quot;&quot;,&quot;right&quot;:&quot;&quot;,&quot;bottom&quot;:&quot;&quot;,&quot;left&quot;:&quot;&quot;,&quot;isLinked&quot;:true},&quot;element_pack_global_tooltip_border_radius_tablet&quot;:{&quot;unit&quot;:&quot;px&quot;,&quot;top&quot;:&quot;&quot;,&quot;right&quot;:&quot;&quot;,&quot;bottom&quot;:&quot;&quot;,&quot;left&quot;:&quot;&quot;,&quot;isLinked&quot;:true},&quot;element_pack_global_tooltip_border_radius_mobile&quot;:{&quot;unit&quot;:&quot;px&quot;,&quot;top&quot;:&quot;&quot;,&quot;right&quot;:&quot;&quot;,&quot;bottom&quot;:&quot;&quot;,&quot;left&quot;:&quot;&quot;,&quot;isLinked&quot;:true}}\" data-elementor-post-type=\"page\">\n\t\t\t\t<div class=\"elementor-element elementor-element-a5d55b7 e-flex e-con-boxed e-con e-parent\" data-id=\"a5d55b7\" data-element_type=\"container\" data-e-type=\"container\" data-settings=\"{&quot;background_background&quot;:&quot;classic&quot;}\">\n\t\t\t\t\t<div class=\"e-con-inner\">\n\t\t<div class=\"elementor-element elementor-element-5574a4f e-con-full e-flex e-con e-child\" data-id=\"5574a4f\" data-element_type=\"container\" data-e-type=\"container\">\n\t\t\t\t<div class=\"elementor-element elementor-element-56bb2b4 elementor-widget-mobile__width-inherit elementor-widget-tablet__width-inherit elementor-widget elementor-widget-heading\" data-id=\"56bb2b4\" data-element_type=\"widget\" data-e-type=\"widget\" data-settings=\"{&quot;motion_fx_motion_fx_scrolling&quot;:&quot;yes&quot;,&quot;motion_fx_scale_effect&quot;:&quot;yes&quot;,&quot;motion_fx_scale_speed&quot;:{&quot;unit&quot;:&quot;px&quot;,&quot;size&quot;:1,&quot;sizes&quot;:[]},&quot;motion_fx_scale_range&quot;:{&quot;unit&quot;:&quot;%&quot;,&quot;size&quot;:&quot;&quot;,&quot;sizes&quot;:{&quot;start&quot;:71,&quot;end&quot;:100}},&quot;motion_fx_range&quot;:&quot;viewport&quot;,&quot;motion_fx_scale_direction&quot;:&quot;out-in&quot;,&quot;motion_fx_devices&quot;:[&quot;desktop&quot;,&quot;tablet&quot;,&quot;mobile&quot;]}\" data-widget_type=\"heading.default\">\n\t\t\t\t<div class=\"elementor-widget-container\">\n\t\t\t\t\t<h1 class=\"elementor-heading-title elementor-size-default\">Sviluppo di un prodotto turistico\u200b<\/h1>\t\t\t\t<\/div>\n\t\t\t\t<\/div>\n\t\t\t\t<div class=\"elementor-element elementor-element-79e4d0f elementor-align-left elementor-tablet-align-center elementor-widget elementor-widget-breadcrumbs\" data-id=\"79e4d0f\" data-element_type=\"widget\" data-e-type=\"widget\" data-widget_type=\"breadcrumbs.default\">\n\t\t\t\t<div class=\"elementor-widget-container\">\n\t\t\t\t\t<p id=\"breadcrumbs\"><span><span><a href=\"https:\/\/corporate.livingciociaria.it\/\">Home<\/a><\/span><\/span><\/p>\t\t\t\t<\/div>\n\t\t\t\t<\/div>\n\t\t\t\t<\/div>\n\t\t\t\t\t<\/div>\n\t\t\t\t<\/div>\n\t\t<div class=\"elementor-element elementor-element-eb74219 e-flex e-con-boxed e-con e-parent\" data-id=\"eb74219\" data-element_type=\"container\" data-e-type=\"container\">\n\t\t\t\t\t<div class=\"e-con-inner\">\n\t\t\t\t<div class=\"elementor-element elementor-element-6e61740 elementor-widget elementor-widget-text-editor\" data-id=\"6e61740\" data-element_type=\"widget\" data-e-type=\"widget\" data-widget_type=\"text-editor.default\">\n\t\t\t\t<div class=\"elementor-widget-container\">\n\t\t\t\t\t\t\t\t\tSe stai pensando allo sviluppo di un nuovo prodotto turistico per il tuo territorio, Progetto Turismo ti aiuta a comprendere il potenziale del progetto, verificare l\u2019interesse da parte del turista e programmare la sua realizzazione nei tempi e nei modi corretti.\n\t\t\t\t\t\t\t\t<\/div>\n\t\t\t\t<\/div>\n\t\t\t\t<div class=\"elementor-element elementor-element-babec80 elementor-widget elementor-widget-heading\" data-id=\"babec80\" data-element_type=\"widget\" data-e-type=\"widget\" data-widget_type=\"heading.default\">\n\t\t\t\t<div class=\"elementor-widget-container\">\n\t\t\t\t\t<h3 class=\"elementor-heading-title elementor-size-default\">Progettazione e sviluppo di un nuovo prodotto turistico\n<\/h3>\t\t\t\t<\/div>\n\t\t\t\t<\/div>\n\t\t\t\t<div class=\"elementor-element elementor-element-1bbcf14 elementor-widget elementor-widget-text-editor\" data-id=\"1bbcf14\" data-element_type=\"widget\" data-e-type=\"widget\" data-widget_type=\"text-editor.default\">\n\t\t\t\t<div class=\"elementor-widget-container\">\n\t\t\t\t\t\t\t\t\tSi parla della creazione di un nuovo prodotto turistico quando questo \u00e8 inserito all\u2019interno di un progetto di sviluppo territoriale pi\u00f9 ampio, oppure se hai deciso di implementarlo singolarmente all\u2019interno dell\u2019offerta gi\u00e0 presente sul tuo territorio. In entrambi i casi, ci\u00f2 che conta \u00e8 valutare &#8211; dati alla mano &#8211; la sostenibilit\u00e0 del progetto, verificando che a livello economico esistano le basi necessarie al suo funzionamento.\n\n\t\t\t\t\t\t\t\t<\/div>\n\t\t\t\t<\/div>\n\t\t\t\t<div class=\"elementor-element elementor-element-bba4449 elementor-widget elementor-widget-heading\" data-id=\"bba4449\" data-element_type=\"widget\" data-e-type=\"widget\" data-widget_type=\"heading.default\">\n\t\t\t\t<div class=\"elementor-widget-container\">\n\t\t\t\t\t<h3 class=\"elementor-heading-title elementor-size-default\">Analisi del bisogno del turista\n<\/h3>\t\t\t\t<\/div>\n\t\t\t\t<\/div>\n\t\t\t\t<div class=\"elementor-element elementor-element-d998844 elementor-widget elementor-widget-text-editor\" data-id=\"d998844\" data-element_type=\"widget\" data-e-type=\"widget\" data-widget_type=\"text-editor.default\">\n\t\t\t\t<div class=\"elementor-widget-container\">\n\t\t\t\t\t\t\t\t\tPer costruire un prodotto turistico efficace \u00e8 importante conoscere i flussi presenti sul tuo territorio. Se ad esempio stai pensando di implementare un\u2019offerta per il ciclista, devi essere sicuro che esistano i presupposti necessari ad accogliere questo tipo di turista sul tuo territorio. Progetto Turismo pu\u00f2 aiutarti ad analizzare i tuoi flussi turistici, identificare l\u2019identikit del turista che frequenta o che vorresti frequentasse la tua localit\u00e0 e progettare, sulla base delle sue esigenze, i prodotti migliori per soddisfarlo.\t\t\t\t\t\t\t\t<\/div>\n\t\t\t\t<\/div>\n\t\t\t\t<div class=\"elementor-element elementor-element-4b5fa21 elementor-widget elementor-widget-heading\" data-id=\"4b5fa21\" data-element_type=\"widget\" data-e-type=\"widget\" data-widget_type=\"heading.default\">\n\t\t\t\t<div class=\"elementor-widget-container\">\n\t\t\t\t\t<h3 class=\"elementor-heading-title elementor-size-default\">Costruzione di un prodotto turistico efficace e su misura\n<\/h3>\t\t\t\t<\/div>\n\t\t\t\t<\/div>\n\t\t\t\t<div class=\"elementor-element elementor-element-f29cd4e elementor-widget elementor-widget-text-editor\" data-id=\"f29cd4e\" data-element_type=\"widget\" data-e-type=\"widget\" data-widget_type=\"text-editor.default\">\n\t\t\t\t<div class=\"elementor-widget-container\">\n\t\t\t\t\t\t\t\t\tLa somma dei bisogni e dei fattori di interesse che caratterizzano il profilo del turista costituiscono la base sulla quale costruire un prodotto o un servizio turistico su misura per lui. L\u2019affiancamento di Progetto Turismo ti permette di agevolare il processo di realizzazione della tua idea, identificando le caratteristiche dell\u2019ospite cui \u00e8 destinata e verificando che esistano le condizioni necessarie a trasformare il &#8220;potenziale turistico\u201d in un vero prodotto.\n\n\t\t\t\t\t\t\t\t<\/div>\n\t\t\t\t<\/div>\n\t\t\t\t\t<\/div>\n\t\t\t\t<\/div>\n\t\t<div class=\"elementor-element elementor-element-ba43a75 e-flex e-con-boxed e-con e-parent\" data-id=\"ba43a75\" data-element_type=\"container\" data-e-type=\"container\">\n\t\t\t\t\t<div class=\"e-con-inner\">\n\t\t\t\t<div class=\"elementor-element elementor-element-95d0170 elementor-widget__width-inherit elementor-widget elementor-widget-heading\" data-id=\"95d0170\" data-element_type=\"widget\" data-e-type=\"widget\" data-widget_type=\"heading.default\">\n\t\t\t\t<div class=\"elementor-widget-container\">\n\t\t\t\t\t<h3 class=\"elementor-heading-title elementor-size-default\">Come possiamo esserti d\u2019aiuto?\n<\/h3>\t\t\t\t<\/div>\n\t\t\t\t<\/div>\n\t\t\t\t<div class=\"elementor-element elementor-element-5147b6f servrow elementor-widget__width-initial bdt-icon-type-icon elementor-position-top bdt-icon-effect-none elementor-widget elementor-widget-bdt-advanced-icon-box\" data-id=\"5147b6f\" data-element_type=\"widget\" data-e-type=\"widget\" data-widget_type=\"bdt-advanced-icon-box.default\">\n\t\t\t\t<div class=\"elementor-widget-container\">\n\t\t\t\t\t\t\t<div class=\"bdt-ep-advanced-icon-box\">\n\n\t\t\t\t\t\t\t\n\t\t\n\t\t\t\t\n\t\t\t<div class=\"bdt-ep-advanced-icon-box-content\">\n\n\t\t\t\t\t\t\t\t\t\n\t\t\t\t\t<h3 class=\"bdt-ep-advanced-icon-box-title ep-title-\">\n\t\t\t\t<span >\n\t\t\t\t\tValutare\t\t\t\t<\/span>\n\t\t\t<\/h3>\n\t\t\n\n\t\t\n\t\t\t\t\t\n\t\t\t\t\n\t\t\t\t\t\t\t\t\t<div class=\"bdt-ep-advanced-icon-box-description\">\n\t\t\t\t\t\tla sostenibilit\u00e0 economica di un nuovo prodotto turistico.\n\t\t\t\t\t<\/div>\n\t\t\t\t\n\t\t\t\t\t\t\t<\/div>\n\t\t<\/div>\n\n\t\t\n\t\t\n\t\t\t\t<\/div>\n\t\t\t\t<\/div>\n\t\t\t\t<div class=\"elementor-element elementor-element-f4255e6 servrow elementor-widget__width-initial bdt-icon-type-icon elementor-position-top bdt-icon-effect-none elementor-widget elementor-widget-bdt-advanced-icon-box\" data-id=\"f4255e6\" data-element_type=\"widget\" data-e-type=\"widget\" data-widget_type=\"bdt-advanced-icon-box.default\">\n\t\t\t\t<div class=\"elementor-widget-container\">\n\t\t\t\t\t\t\t<div class=\"bdt-ep-advanced-icon-box\">\n\n\t\t\t\t\t\t\t\n\t\t\n\t\t\t\t\n\t\t\t<div class=\"bdt-ep-advanced-icon-box-content\">\n\n\t\t\t\t\t\t\t\t\t\n\t\t\t\t\t<h3 class=\"bdt-ep-advanced-icon-box-title ep-title-\">\n\t\t\t\t<span >\n\t\t\t\t\tPianificare e realizzare\t\t\t\t<\/span>\n\t\t\t<\/h3>\n\t\t\n\n\t\t\n\t\t\t\t\t\n\t\t\t\t\n\t\t\t\t\t\t\t\t\t<div class=\"bdt-ep-advanced-icon-box-description\">\n\t\t\t\t\t\tun nuovo prodotto turistico sulla base delle preferenze del turista.\n\t\t\t\t\t<\/div>\n\t\t\t\t\n\t\t\t\t\t\t\t<\/div>\n\t\t<\/div>\n\n\t\t\n\t\t\n\t\t\t\t<\/div>\n\t\t\t\t<\/div>\n\t\t\t\t<div class=\"elementor-element elementor-element-1db6d97 servrow elementor-widget__width-initial bdt-icon-type-icon elementor-position-top bdt-icon-effect-none elementor-widget elementor-widget-bdt-advanced-icon-box\" data-id=\"1db6d97\" data-element_type=\"widget\" data-e-type=\"widget\" data-widget_type=\"bdt-advanced-icon-box.default\">\n\t\t\t\t<div class=\"elementor-widget-container\">\n\t\t\t\t\t\t\t<div class=\"bdt-ep-advanced-icon-box\">\n\n\t\t\t\t\t\t\t\n\t\t\n\t\t\t\t\n\t\t\t<div class=\"bdt-ep-advanced-icon-box-content\">\n\n\t\t\t\t\t\t\t\t\t\n\t\t\t\t\t<h3 class=\"bdt-ep-advanced-icon-box-title ep-title-\">\n\t\t\t\t<span >\n\t\t\t\t\tAnalizzare il potenziale inespresso\t\t\t\t<\/span>\n\t\t\t<\/h3>\n\t\t\n\n\t\t\n\t\t\t\t\t\n\t\t\t\t\n\t\t\t\t\t\t\t\t\t<div class=\"bdt-ep-advanced-icon-box-description\">\n\t\t\t\t\t\tdel tuo territorio, progettando un prodotto turistico capace di attirare l\u2019interesse del turista potenziale.\n\t\t\t\t\t<\/div>\n\t\t\t\t\n\t\t\t\t\t\t\t<\/div>\n\t\t<\/div>\n\n\t\t\n\t\t\n\t\t\t\t<\/div>\n\t\t\t\t<\/div>\n\t\t\t\t<div class=\"elementor-element elementor-element-09eba1c servrow elementor-widget__width-initial bdt-icon-type-icon elementor-position-top bdt-icon-effect-none elementor-widget elementor-widget-bdt-advanced-icon-box\" data-id=\"09eba1c\" data-element_type=\"widget\" data-e-type=\"widget\" data-widget_type=\"bdt-advanced-icon-box.default\">\n\t\t\t\t<div class=\"elementor-widget-container\">\n\t\t\t\t\t\t\t<div class=\"bdt-ep-advanced-icon-box\">\n\n\t\t\t\t\t\t\t\n\t\t\n\t\t\t\t\n\t\t\t<div class=\"bdt-ep-advanced-icon-box-content\">\n\n\t\t\t\t\t\t\t\t\t\n\t\t\t\t\t<h3 class=\"bdt-ep-advanced-icon-box-title ep-title-\">\n\t\t\t\t<span >\n\t\t\t\t\tAffiancarti nella realizzazione\t\t\t\t<\/span>\n\t\t\t<\/h3>\n\t\t\n\n\t\t\n\t\t\t\t\t\n\t\t\t\t\n\t\t\t\t\t\t\t\t\t<div class=\"bdt-ep-advanced-icon-box-description\">\n\t\t\t\t\t\tdel tuo prodotto turistico, monitorandone i risultati e le performance.\n\t\t\t\t\t<\/div>\n\t\t\t\t\n\t\t\t\t\t\t\t<\/div>\n\t\t<\/div>\n\n\t\t\n\t\t\n\t\t\t\t<\/div>\n\t\t\t\t<\/div>\n\t\t\t\t\t<\/div>\n\t\t\t\t<\/div>\n\t\t\t\t<\/div>\n\t\t","protected":false},"excerpt":{"rendered":"<p>Ci occupiamo di affiancare nei progetti di sviluppo e promozione territoriale gli enti pubblici e privati, costruendo con e per loro la migliore strat<\/p>","protected":false},"author":2,"featured_media":0,"parent":23402,"menu_order":0,"comment_status":"closed","ping_status":"closed","template":"","meta":{"give_campaign_id":0,"footnotes":""},"class_list":["post-23746","page","type-page","status-publish","hentry"],"yoast_head":"<!-- This site is optimized with the Yoast SEO Premium plugin v26.5 (Yoast SEO v27.0) - https:\/\/yoast.com\/product\/yoast-seo-premium-wordpress\/ -->\n<title>Sviluppo di un prodotto turistico\u200b &#8211; Living Ciociaria Media Corner<\/title>\n<meta name=\"description\" content=\"Ci occupiamo di affiancare nei progetti di sviluppo e promozione territoriale gli enti pubblici e privati, costruendo con e per loro la migliore strat\" \/>\n<meta name=\"robots\" content=\"noindex, nofollow\" \/>\n<meta property=\"og:locale\" content=\"en_US\" \/>\n<meta property=\"og:type\" content=\"article\" \/>\n<meta property=\"og:title\" content=\"Sviluppo di un prodotto turistico\u200b &#8211; Living Ciociaria Media Corner\" \/>\n<meta property=\"og:description\" content=\"Ci occupiamo di affiancare nei progetti di sviluppo e promozione territoriale gli enti pubblici e privati, costruendo con e per loro la migliore strat\" \/>\n<meta property=\"og:url\" content=\"https:\/\/corporate.livingciociaria.it\/en\/cosa-facciamo\/sviluppo-di-un-prodotto-turistico\/\" \/>\n<meta property=\"og:site_name\" content=\"Living Ciociaria Media Corner\" \/>\n<meta property=\"article:publisher\" content=\"https:\/\/www.facebook.com\/livingciociaria\" \/>\n<meta property=\"article:modified_time\" content=\"2025-01-15T18:12:34+00:00\" \/>\n<meta property=\"og:image\" content=\"https:\/\/corporate.livingciociaria.it\/wp-content\/uploads\/2021\/05\/cropped-LivingCiociaria-Quad-scaled-1.jpg\" \/>\n\t<meta property=\"og:image:width\" content=\"512\" \/>\n\t<meta property=\"og:image:height\" content=\"512\" \/>\n\t<meta property=\"og:image:type\" content=\"image\/jpeg\" \/>\n<meta name=\"twitter:card\" content=\"summary_large_image\" \/>\n<meta name=\"twitter:site\" content=\"@LCiociaria\" \/>\n<meta name=\"twitter:label1\" content=\"Est. reading time\" \/>\n\t<meta name=\"twitter:data1\" content=\"2 minutes\" \/>\n<script type=\"application\/ld+json\" class=\"yoast-schema-graph\">{\"@context\":\"https:\/\/schema.org\",\"@graph\":[{\"@type\":\"WebPage\",\"@id\":\"https:\/\/corporate.livingciociaria.it\/cosa-facciamo\/sviluppo-di-un-prodotto-turistico\/\",\"url\":\"https:\/\/corporate.livingciociaria.it\/cosa-facciamo\/sviluppo-di-un-prodotto-turistico\/\",\"name\":\"Sviluppo di un prodotto turistico\u200b &#8211; Living Ciociaria Media Corner\",\"isPartOf\":{\"@id\":\"https:\/\/corporate.livingciociaria.it\/#website\"},\"datePublished\":\"2022-12-13T18:04:12+00:00\",\"dateModified\":\"2025-01-15T18:12:34+00:00\",\"description\":\"Ci occupiamo di affiancare nei progetti di sviluppo e promozione territoriale gli enti pubblici e privati, costruendo con e per loro la migliore strat\",\"breadcrumb\":{\"@id\":\"https:\/\/corporate.livingciociaria.it\/cosa-facciamo\/sviluppo-di-un-prodotto-turistico\/#breadcrumb\"},\"inLanguage\":\"en-US\",\"potentialAction\":[{\"@type\":\"ReadAction\",\"target\":[\"https:\/\/corporate.livingciociaria.it\/cosa-facciamo\/sviluppo-di-un-prodotto-turistico\/\"]}]},{\"@type\":\"BreadcrumbList\",\"@id\":\"https:\/\/corporate.livingciociaria.it\/cosa-facciamo\/sviluppo-di-un-prodotto-turistico\/#breadcrumb\",\"itemListElement\":[{\"@type\":\"ListItem\",\"position\":1,\"name\":\"Home\",\"item\":\"https:\/\/corporate.livingciociaria.it\/\"},{\"@type\":\"ListItem\",\"position\":2,\"name\":\"Cosa facciamo\",\"item\":\"https:\/\/corporate.livingciociaria.it\/cosa-facciamo\/\"},{\"@type\":\"ListItem\",\"position\":3,\"name\":\"Sviluppo di un prodotto turistico\u200b\"}]},{\"@type\":\"WebSite\",\"@id\":\"https:\/\/corporate.livingciociaria.it\/#website\",\"url\":\"https:\/\/corporate.livingciociaria.it\/\",\"name\":\"Living Ciociaria\",\"description\":\"\",\"publisher\":{\"@id\":\"https:\/\/corporate.livingciociaria.it\/#organization\"},\"alternateName\":\"Living Ciociaria Media Corner\",\"potentialAction\":[{\"@type\":\"SearchAction\",\"target\":{\"@type\":\"EntryPoint\",\"urlTemplate\":\"https:\/\/corporate.livingciociaria.it\/?s={search_term_string}\"},\"query-input\":{\"@type\":\"PropertyValueSpecification\",\"valueRequired\":true,\"valueName\":\"search_term_string\"}}],\"inLanguage\":\"en-US\"},{\"@type\":\"Organization\",\"@id\":\"https:\/\/corporate.livingciociaria.it\/#organization\",\"name\":\"Living Ciociaria\",\"alternateName\":\"Living Ciociaria Media Corner\",\"url\":\"https:\/\/corporate.livingciociaria.it\/\",\"logo\":{\"@type\":\"ImageObject\",\"inLanguage\":\"en-US\",\"@id\":\"https:\/\/corporate.livingciociaria.it\/#\/schema\/logo\/image\/\",\"url\":\"https:\/\/corporate.livingciociaria.it\/wp-content\/uploads\/2021\/03\/Living-Ciociaria-Logo.png\",\"contentUrl\":\"https:\/\/corporate.livingciociaria.it\/wp-content\/uploads\/2021\/03\/Living-Ciociaria-Logo.png\",\"width\":1203,\"height\":402,\"caption\":\"Living Ciociaria\"},\"image\":{\"@id\":\"https:\/\/corporate.livingciociaria.it\/#\/schema\/logo\/image\/\"},\"sameAs\":[\"https:\/\/www.facebook.com\/livingciociaria\",\"https:\/\/x.com\/LCiociaria\",\"https:\/\/www.instagram.com\/livingciociaria\/\",\"https:\/\/www.linkedin.com\/company\/71685850\/admin\/\"]}]}<\/script>\n<!-- \/ Yoast SEO Premium plugin. -->","yoast_head_json":{"title":"Sviluppo di un prodotto turistico\u200b &#8211; Living Ciociaria Media Corner","description":"Ci occupiamo di affiancare nei progetti di sviluppo e promozione territoriale gli enti pubblici e privati, costruendo con e per loro la migliore strat","robots":{"index":"noindex","follow":"nofollow"},"og_locale":"en_US","og_type":"article","og_title":"Sviluppo di un prodotto turistico\u200b &#8211; Living Ciociaria Media Corner","og_description":"Ci occupiamo di affiancare nei progetti di sviluppo e promozione territoriale gli enti pubblici e privati, costruendo con e per loro la migliore strat","og_url":"https:\/\/corporate.livingciociaria.it\/en\/cosa-facciamo\/sviluppo-di-un-prodotto-turistico\/","og_site_name":"Living Ciociaria Media Corner","article_publisher":"https:\/\/www.facebook.com\/livingciociaria","article_modified_time":"2025-01-15T18:12:34+00:00","og_image":[{"width":512,"height":512,"url":"https:\/\/corporate.livingciociaria.it\/wp-content\/uploads\/2021\/05\/cropped-LivingCiociaria-Quad-scaled-1.jpg","type":"image\/jpeg"}],"twitter_card":"summary_large_image","twitter_site":"@LCiociaria","twitter_misc":{"Est. reading time":"2 minutes"},"schema":{"@context":"https:\/\/schema.org","@graph":[{"@type":"WebPage","@id":"https:\/\/corporate.livingciociaria.it\/cosa-facciamo\/sviluppo-di-un-prodotto-turistico\/","url":"https:\/\/corporate.livingciociaria.it\/cosa-facciamo\/sviluppo-di-un-prodotto-turistico\/","name":"Sviluppo di un prodotto turistico\u200b &#8211; Living Ciociaria Media Corner","isPartOf":{"@id":"https:\/\/corporate.livingciociaria.it\/#website"},"datePublished":"2022-12-13T18:04:12+00:00","dateModified":"2025-01-15T18:12:34+00:00","description":"Ci occupiamo di affiancare nei progetti di sviluppo e promozione territoriale gli enti pubblici e privati, costruendo con e per loro la migliore strat","breadcrumb":{"@id":"https:\/\/corporate.livingciociaria.it\/cosa-facciamo\/sviluppo-di-un-prodotto-turistico\/#breadcrumb"},"inLanguage":"en-US","potentialAction":[{"@type":"ReadAction","target":["https:\/\/corporate.livingciociaria.it\/cosa-facciamo\/sviluppo-di-un-prodotto-turistico\/"]}]},{"@type":"BreadcrumbList","@id":"https:\/\/corporate.livingciociaria.it\/cosa-facciamo\/sviluppo-di-un-prodotto-turistico\/#breadcrumb","itemListElement":[{"@type":"ListItem","position":1,"name":"Home","item":"https:\/\/corporate.livingciociaria.it\/"},{"@type":"ListItem","position":2,"name":"Cosa facciamo","item":"https:\/\/corporate.livingciociaria.it\/cosa-facciamo\/"},{"@type":"ListItem","position":3,"name":"Sviluppo di un prodotto turistico\u200b"}]},{"@type":"WebSite","@id":"https:\/\/corporate.livingciociaria.it\/#website","url":"https:\/\/corporate.livingciociaria.it\/","name":"Living Ciociaria","description":"","publisher":{"@id":"https:\/\/corporate.livingciociaria.it\/#organization"},"alternateName":"Living Ciociaria Media Corner","potentialAction":[{"@type":"SearchAction","target":{"@type":"EntryPoint","urlTemplate":"https:\/\/corporate.livingciociaria.it\/?s={search_term_string}"},"query-input":{"@type":"PropertyValueSpecification","valueRequired":true,"valueName":"search_term_string"}}],"inLanguage":"en-US"},{"@type":"Organization","@id":"https:\/\/corporate.livingciociaria.it\/#organization","name":"Living Ciociaria","alternateName":"Living Ciociaria Media Corner","url":"https:\/\/corporate.livingciociaria.it\/","logo":{"@type":"ImageObject","inLanguage":"en-US","@id":"https:\/\/corporate.livingciociaria.it\/#\/schema\/logo\/image\/","url":"https:\/\/corporate.livingciociaria.it\/wp-content\/uploads\/2021\/03\/Living-Ciociaria-Logo.png","contentUrl":"https:\/\/corporate.livingciociaria.it\/wp-content\/uploads\/2021\/03\/Living-Ciociaria-Logo.png","width":1203,"height":402,"caption":"Living Ciociaria"},"image":{"@id":"https:\/\/corporate.livingciociaria.it\/#\/schema\/logo\/image\/"},"sameAs":["https:\/\/www.facebook.com\/livingciociaria","https:\/\/x.com\/LCiociaria","https:\/\/www.instagram.com\/livingciociaria\/","https:\/\/www.linkedin.com\/company\/71685850\/admin\/"]}]}},"campaignId":"","_links":{"self":[{"href":"https:\/\/corporate.livingciociaria.it\/en\/wp-json\/wp\/v2\/pages\/23746","targetHints":{"allow":["GET"]}}],"collection":[{"href":"https:\/\/corporate.livingciociaria.it\/en\/wp-json\/wp\/v2\/pages"}],"about":[{"href":"https:\/\/corporate.livingciociaria.it\/en\/wp-json\/wp\/v2\/types\/page"}],"author":[{"embeddable":true,"href":"https:\/\/corporate.livingciociaria.it\/en\/wp-json\/wp\/v2\/users\/2"}],"replies":[{"embeddable":true,"href":"https:\/\/corporate.livingciociaria.it\/en\/wp-json\/wp\/v2\/comments?post=23746"}],"version-history":[{"count":8,"href":"https:\/\/corporate.livingciociaria.it\/en\/wp-json\/wp\/v2\/pages\/23746\/revisions"}],"predecessor-version":[{"id":26172,"href":"https:\/\/corporate.livingciociaria.it\/en\/wp-json\/wp\/v2\/pages\/23746\/revisions\/26172"}],"up":[{"embeddable":true,"href":"https:\/\/corporate.livingciociaria.it\/en\/wp-json\/wp\/v2\/pages\/23402"}],"wp:attachment":[{"href":"https:\/\/corporate.livingciociaria.it\/en\/wp-json\/wp\/v2\/media?parent=23746"}],"curies":[{"name":"wp","href":"https:\/\/api.w.org\/{rel}","templated":true}]}}