{"id":23747,"date":"2022-12-13T20:04:15","date_gmt":"2022-12-13T18:04:15","guid":{"rendered":"https:\/\/corporate.livingciociaria.it\/?page_id=23747"},"modified":"2025-01-15T19:14:07","modified_gmt":"2025-01-15T18:14:07","slug":"coordinamento-e-facilitazione-di-gruppi-di-lavoro","status":"publish","type":"page","link":"https:\/\/corporate.livingciociaria.it\/en\/cosa-facciamo\/coordinamento-e-facilitazione-di-gruppi-di-lavoro\/","title":{"rendered":"Coordinamento e facilitazione di gruppi di lavoro"},"content":{"rendered":"\t\t<div data-elementor-type=\"wp-page\" data-elementor-id=\"23747\" class=\"elementor elementor-23747\" data-elementor-settings=\"{&quot;element_pack_global_tooltip_width&quot;:{&quot;unit&quot;:&quot;px&quot;,&quot;size&quot;:&quot;&quot;,&quot;sizes&quot;:[]},&quot;element_pack_global_tooltip_width_tablet&quot;:{&quot;unit&quot;:&quot;px&quot;,&quot;size&quot;:&quot;&quot;,&quot;sizes&quot;:[]},&quot;element_pack_global_tooltip_width_mobile&quot;:{&quot;unit&quot;:&quot;px&quot;,&quot;size&quot;:&quot;&quot;,&quot;sizes&quot;:[]},&quot;element_pack_global_tooltip_padding&quot;:{&quot;unit&quot;:&quot;px&quot;,&quot;top&quot;:&quot;&quot;,&quot;right&quot;:&quot;&quot;,&quot;bottom&quot;:&quot;&quot;,&quot;left&quot;:&quot;&quot;,&quot;isLinked&quot;:true},&quot;element_pack_global_tooltip_padding_tablet&quot;:{&quot;unit&quot;:&quot;px&quot;,&quot;top&quot;:&quot;&quot;,&quot;right&quot;:&quot;&quot;,&quot;bottom&quot;:&quot;&quot;,&quot;left&quot;:&quot;&quot;,&quot;isLinked&quot;:true},&quot;element_pack_global_tooltip_padding_mobile&quot;:{&quot;unit&quot;:&quot;px&quot;,&quot;top&quot;:&quot;&quot;,&quot;right&quot;:&quot;&quot;,&quot;bottom&quot;:&quot;&quot;,&quot;left&quot;:&quot;&quot;,&quot;isLinked&quot;:true},&quot;element_pack_global_tooltip_border_radius&quot;:{&quot;unit&quot;:&quot;px&quot;,&quot;top&quot;:&quot;&quot;,&quot;right&quot;:&quot;&quot;,&quot;bottom&quot;:&quot;&quot;,&quot;left&quot;:&quot;&quot;,&quot;isLinked&quot;:true},&quot;element_pack_global_tooltip_border_radius_tablet&quot;:{&quot;unit&quot;:&quot;px&quot;,&quot;top&quot;:&quot;&quot;,&quot;right&quot;:&quot;&quot;,&quot;bottom&quot;:&quot;&quot;,&quot;left&quot;:&quot;&quot;,&quot;isLinked&quot;:true},&quot;element_pack_global_tooltip_border_radius_mobile&quot;:{&quot;unit&quot;:&quot;px&quot;,&quot;top&quot;:&quot;&quot;,&quot;right&quot;:&quot;&quot;,&quot;bottom&quot;:&quot;&quot;,&quot;left&quot;:&quot;&quot;,&quot;isLinked&quot;:true}}\" data-elementor-post-type=\"page\">\n\t\t\t\t<div class=\"elementor-element elementor-element-bb41609 e-flex e-con-boxed e-con e-parent\" data-id=\"bb41609\" data-element_type=\"container\" data-e-type=\"container\" data-settings=\"{&quot;background_background&quot;:&quot;classic&quot;}\">\n\t\t\t\t\t<div class=\"e-con-inner\">\n\t\t<div class=\"elementor-element elementor-element-0c1195d e-con-full e-flex e-con e-child\" data-id=\"0c1195d\" data-element_type=\"container\" data-e-type=\"container\">\n\t\t\t\t<div class=\"elementor-element elementor-element-6d4b19b elementor-widget-mobile__width-inherit elementor-widget-tablet__width-inherit elementor-widget elementor-widget-heading\" data-id=\"6d4b19b\" data-element_type=\"widget\" data-e-type=\"widget\" data-settings=\"{&quot;motion_fx_motion_fx_scrolling&quot;:&quot;yes&quot;,&quot;motion_fx_scale_effect&quot;:&quot;yes&quot;,&quot;motion_fx_scale_speed&quot;:{&quot;unit&quot;:&quot;px&quot;,&quot;size&quot;:1,&quot;sizes&quot;:[]},&quot;motion_fx_scale_range&quot;:{&quot;unit&quot;:&quot;%&quot;,&quot;size&quot;:&quot;&quot;,&quot;sizes&quot;:{&quot;start&quot;:71,&quot;end&quot;:100}},&quot;motion_fx_range&quot;:&quot;viewport&quot;,&quot;motion_fx_scale_direction&quot;:&quot;out-in&quot;,&quot;motion_fx_devices&quot;:[&quot;desktop&quot;,&quot;tablet&quot;,&quot;mobile&quot;]}\" data-widget_type=\"heading.default\">\n\t\t\t\t<div class=\"elementor-widget-container\">\n\t\t\t\t\t<h1 class=\"elementor-heading-title elementor-size-default\">Coordinamento e facilitazione di gruppi di lavoro<\/h1>\t\t\t\t<\/div>\n\t\t\t\t<\/div>\n\t\t\t\t<div class=\"elementor-element elementor-element-cb50335 elementor-align-left elementor-tablet-align-center elementor-widget elementor-widget-breadcrumbs\" data-id=\"cb50335\" data-element_type=\"widget\" data-e-type=\"widget\" data-widget_type=\"breadcrumbs.default\">\n\t\t\t\t<div class=\"elementor-widget-container\">\n\t\t\t\t\t<p id=\"breadcrumbs\"><span><span><a href=\"https:\/\/corporate.livingciociaria.it\/\">Home<\/a><\/span><\/span><\/p>\t\t\t\t<\/div>\n\t\t\t\t<\/div>\n\t\t\t\t<\/div>\n\t\t\t\t\t<\/div>\n\t\t\t\t<\/div>\n\t\t<div class=\"elementor-element elementor-element-eb74219 e-flex e-con-boxed e-con e-parent\" data-id=\"eb74219\" data-element_type=\"container\" data-e-type=\"container\">\n\t\t\t\t\t<div class=\"e-con-inner\">\n\t\t\t\t<div class=\"elementor-element elementor-element-6e61740 elementor-widget elementor-widget-text-editor\" data-id=\"6e61740\" data-element_type=\"widget\" data-e-type=\"widget\" data-widget_type=\"text-editor.default\">\n\t\t\t\t<div class=\"elementor-widget-container\">\n\t\t\t\t\t\t\t\t\tAll\u2019interno di un progetto di sviluppo territoriale sono molti gli attori e gli interessi in gioco. Progetto Turismo pu\u00f2 aiutarti a creare e gestire i tavoli di lavoro, coordinando il dibattito tra le parti e facilitando la realizzazione di un punto d\u2019incontro tra gli obiettivi di tutti.\n\t\t\t\t\t\t\t\t<\/div>\n\t\t\t\t<\/div>\n\t\t\t\t<div class=\"elementor-element elementor-element-babec80 elementor-widget elementor-widget-heading\" data-id=\"babec80\" data-element_type=\"widget\" data-e-type=\"widget\" data-widget_type=\"heading.default\">\n\t\t\t\t<div class=\"elementor-widget-container\">\n\t\t\t\t\t<h3 class=\"elementor-heading-title elementor-size-default\">Gestione delle dinamiche complesse\n<\/h3>\t\t\t\t<\/div>\n\t\t\t\t<\/div>\n\t\t\t\t<div class=\"elementor-element elementor-element-1bbcf14 elementor-widget elementor-widget-text-editor\" data-id=\"1bbcf14\" data-element_type=\"widget\" data-e-type=\"widget\" data-widget_type=\"text-editor.default\">\n\t\t\t\t<div class=\"elementor-widget-container\">\n\t\t\t\t\t\t\t\t\tUn territorio \u00e8 frutto di molte voci e anche la comunit\u00e0 pi\u00f9 piccola pu\u00f2 ospitare numerose dinamiche. Oltre all\u2019amministrazione pubblica e agli enti di promozione turistica, ad essere toccati dai progetti di sviluppo sono anche i comitati cittadini, quelli degli operatori turistici, dei produttori e degli imprenditori locali. Progetto Turismo pu\u00f2 aiutarti a rispettare le volont\u00e0 di ognuno di loro, coordinando allo stesso tempo i lavori affinch\u00e9 si possa procedere senza inutili resistenze verso la realizzazione del progetto.\t\t\t\t\t\t\t\t<\/div>\n\t\t\t\t<\/div>\n\t\t\t\t<div class=\"elementor-element elementor-element-bba4449 elementor-widget elementor-widget-heading\" data-id=\"bba4449\" data-element_type=\"widget\" data-e-type=\"widget\" data-widget_type=\"heading.default\">\n\t\t\t\t<div class=\"elementor-widget-container\">\n\t\t\t\t\t<h3 class=\"elementor-heading-title elementor-size-default\">Un obiettivo comune, per il beneficio di tutti\n<\/h3>\t\t\t\t<\/div>\n\t\t\t\t<\/div>\n\t\t\t\t<div class=\"elementor-element elementor-element-d998844 elementor-widget elementor-widget-text-editor\" data-id=\"d998844\" data-element_type=\"widget\" data-e-type=\"widget\" data-widget_type=\"text-editor.default\">\n\t\t\t\t<div class=\"elementor-widget-container\">\n\t\t\t\t\t\t\t\t\tQuando si parla di sviluppo territoriale, bisogna ricordare a tutte le parti in gioco che la ricchezza prodotta sar\u00e0 un bene per l\u2019intera comunit\u00e0.\nIn questo modo sar\u00e0 molto pi\u00f9 semplice condurre i tavoli di lavoro, perch\u00e9 tutti gli interessati riconosceranno nel progetto un obiettivo comune al quale partecipare.\t\t\t\t\t\t\t\t<\/div>\n\t\t\t\t<\/div>\n\t\t\t\t<div class=\"elementor-element elementor-element-4b5fa21 elementor-widget elementor-widget-heading\" data-id=\"4b5fa21\" data-element_type=\"widget\" data-e-type=\"widget\" data-widget_type=\"heading.default\">\n\t\t\t\t<div class=\"elementor-widget-container\">\n\t\t\t\t\t<h3 class=\"elementor-heading-title elementor-size-default\">Creazione e coordinamento dei tavoli di lavoro\n<\/h3>\t\t\t\t<\/div>\n\t\t\t\t<\/div>\n\t\t\t\t<div class=\"elementor-element elementor-element-f29cd4e elementor-widget elementor-widget-text-editor\" data-id=\"f29cd4e\" data-element_type=\"widget\" data-e-type=\"widget\" data-widget_type=\"text-editor.default\">\n\t\t\t\t<div class=\"elementor-widget-container\">\n\t\t\t\t\t\t\t\t\t<p>Living Ciociaria pu\u00f2 aiutarti a portare avanti le tue idee, favorendo la comunicazione e la corretta interpretazione del progetto da parte di tutti.<br \/>Evitando cos\u00ec resistenze e opposizioni frutto di evitabili incomprensioni.<\/p>\t\t\t\t\t\t\t\t<\/div>\n\t\t\t\t<\/div>\n\t\t\t\t\t<\/div>\n\t\t\t\t<\/div>\n\t\t<div class=\"elementor-element elementor-element-3235cee e-flex e-con-boxed e-con e-parent\" data-id=\"3235cee\" data-element_type=\"container\" data-e-type=\"container\">\n\t\t\t\t\t<div class=\"e-con-inner\">\n\t\t\t\t<div class=\"elementor-element elementor-element-1b3b24c elementor-widget__width-inherit elementor-widget elementor-widget-heading\" data-id=\"1b3b24c\" data-element_type=\"widget\" data-e-type=\"widget\" data-widget_type=\"heading.default\">\n\t\t\t\t<div class=\"elementor-widget-container\">\n\t\t\t\t\t<h3 class=\"elementor-heading-title elementor-size-default\">Come possiamo esserti d\u2019aiuto?\n<\/h3>\t\t\t\t<\/div>\n\t\t\t\t<\/div>\n\t\t\t\t<div class=\"elementor-element elementor-element-4a7f66c servrow elementor-widget__width-initial bdt-icon-type-icon elementor-position-top bdt-icon-effect-none elementor-widget elementor-widget-bdt-advanced-icon-box\" data-id=\"4a7f66c\" data-element_type=\"widget\" data-e-type=\"widget\" data-widget_type=\"bdt-advanced-icon-box.default\">\n\t\t\t\t<div class=\"elementor-widget-container\">\n\t\t\t\t\t\t\t<div class=\"bdt-ep-advanced-icon-box\">\n\n\t\t\t\t\t\t\t\n\t\t\n\t\t\t\t\n\t\t\t<div class=\"bdt-ep-advanced-icon-box-content\">\n\n\t\t\t\t\t\t\t\t\t\n\t\t\t\t\t<h3 class=\"bdt-ep-advanced-icon-box-title ep-title-\">\n\t\t\t\t<span >\n\t\t\t\t\tCoordinare e coinvolgere\t\t\t\t<\/span>\n\t\t\t<\/h3>\n\t\t\n\n\t\t\n\t\t\t\t\t\n\t\t\t\t\n\t\t\t\t\t\t\t\t\t<div class=\"bdt-ep-advanced-icon-box-description\">\n\t\t\t\t\t\tnel progetto tutti gli attori toccati dal nuovo piano di sviluppo.\n\t\t\t\t\t<\/div>\n\t\t\t\t\n\t\t\t\t\t\t\t<\/div>\n\t\t<\/div>\n\n\t\t\n\t\t\n\t\t\t\t<\/div>\n\t\t\t\t<\/div>\n\t\t\t\t<div class=\"elementor-element elementor-element-9577bb8 servrow elementor-widget__width-initial bdt-icon-type-icon elementor-position-top bdt-icon-effect-none elementor-widget elementor-widget-bdt-advanced-icon-box\" data-id=\"9577bb8\" data-element_type=\"widget\" data-e-type=\"widget\" data-widget_type=\"bdt-advanced-icon-box.default\">\n\t\t\t\t<div class=\"elementor-widget-container\">\n\t\t\t\t\t\t\t<div class=\"bdt-ep-advanced-icon-box\">\n\n\t\t\t\t\t\t\t\n\t\t\n\t\t\t\t\n\t\t\t<div class=\"bdt-ep-advanced-icon-box-content\">\n\n\t\t\t\t\t\t\t\t\t\n\t\t\t\t\t<h3 class=\"bdt-ep-advanced-icon-box-title ep-title-\">\n\t\t\t\t<span >\n\t\t\t\t\tGestire le dinamiche complesse\t\t\t\t<\/span>\n\t\t\t<\/h3>\n\t\t\n\n\t\t\n\t\t\t\t\t\n\t\t\t\t\n\t\t\t\t\t\t\t\t\t<div class=\"bdt-ep-advanced-icon-box-description\">\n\t\t\t\t\t\tattraverso un ruolo diplomatico e sempre rivolto alla realizzazione del progetto.\n\t\t\t\t\t<\/div>\n\t\t\t\t\n\t\t\t\t\t\t\t<\/div>\n\t\t<\/div>\n\n\t\t\n\t\t\n\t\t\t\t<\/div>\n\t\t\t\t<\/div>\n\t\t\t\t<div class=\"elementor-element elementor-element-4bcef72 servrow elementor-widget__width-initial bdt-icon-type-icon elementor-position-top bdt-icon-effect-none elementor-widget elementor-widget-bdt-advanced-icon-box\" data-id=\"4bcef72\" data-element_type=\"widget\" data-e-type=\"widget\" data-widget_type=\"bdt-advanced-icon-box.default\">\n\t\t\t\t<div class=\"elementor-widget-container\">\n\t\t\t\t\t\t\t<div class=\"bdt-ep-advanced-icon-box\">\n\n\t\t\t\t\t\t\t\n\t\t\n\t\t\t\t\n\t\t\t<div class=\"bdt-ep-advanced-icon-box-content\">\n\n\t\t\t\t\t\t\t\t\t\n\t\t\t\t\t<h3 class=\"bdt-ep-advanced-icon-box-title ep-title-\">\n\t\t\t\t<span >\n\t\t\t\t\tIdentificare nel progetto un beneficio comune\t\t\t\t<\/span>\n\t\t\t<\/h3>\n\t\t\n\n\t\t\n\t\t\t\t\t\n\t\t\t\t\n\t\t\t\t\t\t\t\t\t<div class=\"bdt-ep-advanced-icon-box-description\">\n\t\t\t\t\t\tgrazie al quale presentarlo alla comunit\u00e0 sotto la giusta prospettiva.\n\t\t\t\t\t<\/div>\n\t\t\t\t\n\t\t\t\t\t\t\t<\/div>\n\t\t<\/div>\n\n\t\t\n\t\t\n\t\t\t\t<\/div>\n\t\t\t\t<\/div>\n\t\t\t\t\t<\/div>\n\t\t\t\t<\/div>\n\t\t\t\t<\/div>\n\t\t","protected":false},"excerpt":{"rendered":"<p>Ci occupiamo di affiancare nei progetti di sviluppo e promozione territoriale gli enti pubblici e privati, costruendo con e per loro la migliore strat<\/p>","protected":false},"author":2,"featured_media":0,"parent":23402,"menu_order":0,"comment_status":"closed","ping_status":"closed","template":"","meta":{"give_campaign_id":0,"footnotes":""},"class_list":["post-23747","page","type-page","status-publish","hentry"],"yoast_head":"<!-- This site is optimized with the Yoast SEO Premium plugin v26.5 (Yoast SEO v27.0) - https:\/\/yoast.com\/product\/yoast-seo-premium-wordpress\/ -->\n<title>Coordinamento e facilitazione di gruppi di lavoro &#8211; Living Ciociaria Media Corner<\/title>\n<meta name=\"description\" content=\"Ci occupiamo di affiancare nei progetti di sviluppo e promozione territoriale gli enti pubblici e privati, costruendo con e per loro la migliore strat\" \/>\n<meta name=\"robots\" content=\"noindex, nofollow\" \/>\n<meta property=\"og:locale\" content=\"en_US\" \/>\n<meta property=\"og:type\" content=\"article\" \/>\n<meta property=\"og:title\" content=\"Coordinamento e facilitazione di gruppi di lavoro &#8211; Living Ciociaria Media Corner\" \/>\n<meta property=\"og:description\" content=\"Ci occupiamo di affiancare nei progetti di sviluppo e promozione territoriale gli enti pubblici e privati, costruendo con e per loro la migliore strat\" \/>\n<meta property=\"og:url\" content=\"https:\/\/corporate.livingciociaria.it\/en\/cosa-facciamo\/coordinamento-e-facilitazione-di-gruppi-di-lavoro\/\" \/>\n<meta property=\"og:site_name\" content=\"Living Ciociaria Media Corner\" \/>\n<meta property=\"article:publisher\" content=\"https:\/\/www.facebook.com\/livingciociaria\" \/>\n<meta property=\"article:modified_time\" content=\"2025-01-15T18:14:07+00:00\" \/>\n<meta property=\"og:image\" content=\"https:\/\/corporate.livingciociaria.it\/wp-content\/uploads\/2021\/05\/cropped-LivingCiociaria-Quad-scaled-1.jpg\" \/>\n\t<meta property=\"og:image:width\" content=\"512\" \/>\n\t<meta property=\"og:image:height\" content=\"512\" \/>\n\t<meta property=\"og:image:type\" content=\"image\/jpeg\" \/>\n<meta name=\"twitter:card\" content=\"summary_large_image\" \/>\n<meta name=\"twitter:site\" content=\"@LCiociaria\" \/>\n<meta name=\"twitter:label1\" content=\"Est. reading time\" \/>\n\t<meta name=\"twitter:data1\" content=\"2 minutes\" \/>\n<script type=\"application\/ld+json\" class=\"yoast-schema-graph\">{\"@context\":\"https:\/\/schema.org\",\"@graph\":[{\"@type\":\"WebPage\",\"@id\":\"https:\/\/corporate.livingciociaria.it\/cosa-facciamo\/coordinamento-e-facilitazione-di-gruppi-di-lavoro\/\",\"url\":\"https:\/\/corporate.livingciociaria.it\/cosa-facciamo\/coordinamento-e-facilitazione-di-gruppi-di-lavoro\/\",\"name\":\"Coordinamento e facilitazione di gruppi di lavoro &#8211; Living Ciociaria Media Corner\",\"isPartOf\":{\"@id\":\"https:\/\/corporate.livingciociaria.it\/#website\"},\"datePublished\":\"2022-12-13T18:04:15+00:00\",\"dateModified\":\"2025-01-15T18:14:07+00:00\",\"description\":\"Ci occupiamo di affiancare nei progetti di sviluppo e promozione territoriale gli enti pubblici e privati, costruendo con e per loro la migliore strat\",\"breadcrumb\":{\"@id\":\"https:\/\/corporate.livingciociaria.it\/cosa-facciamo\/coordinamento-e-facilitazione-di-gruppi-di-lavoro\/#breadcrumb\"},\"inLanguage\":\"en-US\",\"potentialAction\":[{\"@type\":\"ReadAction\",\"target\":[\"https:\/\/corporate.livingciociaria.it\/cosa-facciamo\/coordinamento-e-facilitazione-di-gruppi-di-lavoro\/\"]}]},{\"@type\":\"BreadcrumbList\",\"@id\":\"https:\/\/corporate.livingciociaria.it\/cosa-facciamo\/coordinamento-e-facilitazione-di-gruppi-di-lavoro\/#breadcrumb\",\"itemListElement\":[{\"@type\":\"ListItem\",\"position\":1,\"name\":\"Home\",\"item\":\"https:\/\/corporate.livingciociaria.it\/\"},{\"@type\":\"ListItem\",\"position\":2,\"name\":\"Cosa facciamo\",\"item\":\"https:\/\/corporate.livingciociaria.it\/cosa-facciamo\/\"},{\"@type\":\"ListItem\",\"position\":3,\"name\":\"Coordinamento e facilitazione di gruppi di lavoro\"}]},{\"@type\":\"WebSite\",\"@id\":\"https:\/\/corporate.livingciociaria.it\/#website\",\"url\":\"https:\/\/corporate.livingciociaria.it\/\",\"name\":\"Living Ciociaria\",\"description\":\"\",\"publisher\":{\"@id\":\"https:\/\/corporate.livingciociaria.it\/#organization\"},\"alternateName\":\"Living Ciociaria Media Corner\",\"potentialAction\":[{\"@type\":\"SearchAction\",\"target\":{\"@type\":\"EntryPoint\",\"urlTemplate\":\"https:\/\/corporate.livingciociaria.it\/?s={search_term_string}\"},\"query-input\":{\"@type\":\"PropertyValueSpecification\",\"valueRequired\":true,\"valueName\":\"search_term_string\"}}],\"inLanguage\":\"en-US\"},{\"@type\":\"Organization\",\"@id\":\"https:\/\/corporate.livingciociaria.it\/#organization\",\"name\":\"Living Ciociaria\",\"alternateName\":\"Living Ciociaria Media Corner\",\"url\":\"https:\/\/corporate.livingciociaria.it\/\",\"logo\":{\"@type\":\"ImageObject\",\"inLanguage\":\"en-US\",\"@id\":\"https:\/\/corporate.livingciociaria.it\/#\/schema\/logo\/image\/\",\"url\":\"https:\/\/corporate.livingciociaria.it\/wp-content\/uploads\/2021\/03\/Living-Ciociaria-Logo.png\",\"contentUrl\":\"https:\/\/corporate.livingciociaria.it\/wp-content\/uploads\/2021\/03\/Living-Ciociaria-Logo.png\",\"width\":1203,\"height\":402,\"caption\":\"Living Ciociaria\"},\"image\":{\"@id\":\"https:\/\/corporate.livingciociaria.it\/#\/schema\/logo\/image\/\"},\"sameAs\":[\"https:\/\/www.facebook.com\/livingciociaria\",\"https:\/\/x.com\/LCiociaria\",\"https:\/\/www.instagram.com\/livingciociaria\/\",\"https:\/\/www.linkedin.com\/company\/71685850\/admin\/\"]}]}<\/script>\n<!-- \/ Yoast SEO Premium plugin. -->","yoast_head_json":{"title":"Coordinamento e facilitazione di gruppi di lavoro &#8211; Living Ciociaria Media Corner","description":"Ci occupiamo di affiancare nei progetti di sviluppo e promozione territoriale gli enti pubblici e privati, costruendo con e per loro la migliore strat","robots":{"index":"noindex","follow":"nofollow"},"og_locale":"en_US","og_type":"article","og_title":"Coordinamento e facilitazione di gruppi di lavoro &#8211; Living Ciociaria Media Corner","og_description":"Ci occupiamo di affiancare nei progetti di sviluppo e promozione territoriale gli enti pubblici e privati, costruendo con e per loro la migliore strat","og_url":"https:\/\/corporate.livingciociaria.it\/en\/cosa-facciamo\/coordinamento-e-facilitazione-di-gruppi-di-lavoro\/","og_site_name":"Living Ciociaria Media Corner","article_publisher":"https:\/\/www.facebook.com\/livingciociaria","article_modified_time":"2025-01-15T18:14:07+00:00","og_image":[{"width":512,"height":512,"url":"https:\/\/corporate.livingciociaria.it\/wp-content\/uploads\/2021\/05\/cropped-LivingCiociaria-Quad-scaled-1.jpg","type":"image\/jpeg"}],"twitter_card":"summary_large_image","twitter_site":"@LCiociaria","twitter_misc":{"Est. reading time":"2 minutes"},"schema":{"@context":"https:\/\/schema.org","@graph":[{"@type":"WebPage","@id":"https:\/\/corporate.livingciociaria.it\/cosa-facciamo\/coordinamento-e-facilitazione-di-gruppi-di-lavoro\/","url":"https:\/\/corporate.livingciociaria.it\/cosa-facciamo\/coordinamento-e-facilitazione-di-gruppi-di-lavoro\/","name":"Coordinamento e facilitazione di gruppi di lavoro &#8211; Living Ciociaria Media Corner","isPartOf":{"@id":"https:\/\/corporate.livingciociaria.it\/#website"},"datePublished":"2022-12-13T18:04:15+00:00","dateModified":"2025-01-15T18:14:07+00:00","description":"Ci occupiamo di affiancare nei progetti di sviluppo e promozione territoriale gli enti pubblici e privati, costruendo con e per loro la migliore strat","breadcrumb":{"@id":"https:\/\/corporate.livingciociaria.it\/cosa-facciamo\/coordinamento-e-facilitazione-di-gruppi-di-lavoro\/#breadcrumb"},"inLanguage":"en-US","potentialAction":[{"@type":"ReadAction","target":["https:\/\/corporate.livingciociaria.it\/cosa-facciamo\/coordinamento-e-facilitazione-di-gruppi-di-lavoro\/"]}]},{"@type":"BreadcrumbList","@id":"https:\/\/corporate.livingciociaria.it\/cosa-facciamo\/coordinamento-e-facilitazione-di-gruppi-di-lavoro\/#breadcrumb","itemListElement":[{"@type":"ListItem","position":1,"name":"Home","item":"https:\/\/corporate.livingciociaria.it\/"},{"@type":"ListItem","position":2,"name":"Cosa facciamo","item":"https:\/\/corporate.livingciociaria.it\/cosa-facciamo\/"},{"@type":"ListItem","position":3,"name":"Coordinamento e facilitazione di gruppi di lavoro"}]},{"@type":"WebSite","@id":"https:\/\/corporate.livingciociaria.it\/#website","url":"https:\/\/corporate.livingciociaria.it\/","name":"Living Ciociaria","description":"","publisher":{"@id":"https:\/\/corporate.livingciociaria.it\/#organization"},"alternateName":"Living Ciociaria Media Corner","potentialAction":[{"@type":"SearchAction","target":{"@type":"EntryPoint","urlTemplate":"https:\/\/corporate.livingciociaria.it\/?s={search_term_string}"},"query-input":{"@type":"PropertyValueSpecification","valueRequired":true,"valueName":"search_term_string"}}],"inLanguage":"en-US"},{"@type":"Organization","@id":"https:\/\/corporate.livingciociaria.it\/#organization","name":"Living Ciociaria","alternateName":"Living Ciociaria Media Corner","url":"https:\/\/corporate.livingciociaria.it\/","logo":{"@type":"ImageObject","inLanguage":"en-US","@id":"https:\/\/corporate.livingciociaria.it\/#\/schema\/logo\/image\/","url":"https:\/\/corporate.livingciociaria.it\/wp-content\/uploads\/2021\/03\/Living-Ciociaria-Logo.png","contentUrl":"https:\/\/corporate.livingciociaria.it\/wp-content\/uploads\/2021\/03\/Living-Ciociaria-Logo.png","width":1203,"height":402,"caption":"Living Ciociaria"},"image":{"@id":"https:\/\/corporate.livingciociaria.it\/#\/schema\/logo\/image\/"},"sameAs":["https:\/\/www.facebook.com\/livingciociaria","https:\/\/x.com\/LCiociaria","https:\/\/www.instagram.com\/livingciociaria\/","https:\/\/www.linkedin.com\/company\/71685850\/admin\/"]}]}},"campaignId":"","_links":{"self":[{"href":"https:\/\/corporate.livingciociaria.it\/en\/wp-json\/wp\/v2\/pages\/23747","targetHints":{"allow":["GET"]}}],"collection":[{"href":"https:\/\/corporate.livingciociaria.it\/en\/wp-json\/wp\/v2\/pages"}],"about":[{"href":"https:\/\/corporate.livingciociaria.it\/en\/wp-json\/wp\/v2\/types\/page"}],"author":[{"embeddable":true,"href":"https:\/\/corporate.livingciociaria.it\/en\/wp-json\/wp\/v2\/users\/2"}],"replies":[{"embeddable":true,"href":"https:\/\/corporate.livingciociaria.it\/en\/wp-json\/wp\/v2\/comments?post=23747"}],"version-history":[{"count":11,"href":"https:\/\/corporate.livingciociaria.it\/en\/wp-json\/wp\/v2\/pages\/23747\/revisions"}],"predecessor-version":[{"id":26184,"href":"https:\/\/corporate.livingciociaria.it\/en\/wp-json\/wp\/v2\/pages\/23747\/revisions\/26184"}],"up":[{"embeddable":true,"href":"https:\/\/corporate.livingciociaria.it\/en\/wp-json\/wp\/v2\/pages\/23402"}],"wp:attachment":[{"href":"https:\/\/corporate.livingciociaria.it\/en\/wp-json\/wp\/v2\/media?parent=23747"}],"curies":[{"name":"wp","href":"https:\/\/api.w.org\/{rel}","templated":true}]}}